{"id":768,"date":"2014-02-11T07:01:32","date_gmt":"2014-02-11T06:01:32","guid":{"rendered":"https:\/\/www.villabertagni.it\/chi-siamo\/"},"modified":"2014-02-11T07:01:32","modified_gmt":"2014-02-11T06:01:32","slug":"chi-siamo","status":"publish","type":"page","link":"https:\/\/www.villabertagni.it\/it\/chi-siamo\/","title":{"rendered":"Chi siamo"},"content":{"rendered":"<p>Toscana, una delle pi\u00f9 note meraviglie della magica Italia; amata in tutto il mondo per la sua straordinaria bellezza, le delizie culinarie e il vino donato da una terra incantevole quanto fertile.<\/p>\n<p>Toscana, un incanto fatto roccia che si perde sul verde o che si staglia sul mare. La regina dei tramonti romantici e delle mattine d\u2019aria pungente. La terra in cui i sensi fremono e l\u2019animo si nutre.<\/p>\n<p>In questo paradiso tutto italiano, Villa Bertagni si erige con antica maestosit\u00e0.<\/p>\n<p>Costruita oltre 500 anni fa dalla famiglia Azzula, Villa Bertagni era uno dei rifugi del potente casato di origini fiorentine, che governava l\u2019area. La Villa ha accompagnato le vicende familiari degli Azzula solo quindici anni fa quando un apprezzato stilista inglese l\u2019ha acquistata, ristrutturata e ne ha esaltato lo splendore. Questo splendore dal sapore antico ha conquistato Patrizia e Moshik , proprietari della Villa dal 2013. Questi due affermati professionisti ed amanti del bello, hanno reso questa meraviglia di pietra il luogo dei sogni per un lussuoso e indimenticabile soggiorno tra le pittoresche montagne della Garfagnana.<\/p>\n<p>L\u2019accoglienza di Villa Bertagni si basa su un mix di semplicit\u00e0 che solo la migliore qualit\u00e0 consente e di un indimenticabile senso di appagamento dato dalla cura di ogni dettaglio.<\/p>\n<p>Dalla colazione offerta con i migliori prodotti tipici toscani all\u2019atmosfera informale che si respira nella Villa, tutto incarna l\u2019essenza della Garfagnana: genuina sopra ogni immaginazione e rigenerante per l\u2019anima ed il corpo.<\/p>\n<p>Questo ameno rifugio \u00e8 un sogno che diventa realt\u00e0. Le montagne della Toscana del Nord svelano una realt\u00e0 rara, quasi segreta. Un\u2019esperienza sensoriale unica attende coloro che si avventurano nella valle di Garfagnana.<\/p>\n<p>Offrire un senso di opulenza appagante e perfino sorprendente \u00e8 tutto ci\u00f2 a cui aspiriamo. L\u2019impareggiabile bellezza circostante fa il resto: Castelnuovo di Garfagnana, a soli 5 minuti \u00e8 la prima tappa verso la ricerca di ameni ristorantini, artigianato locale e meraviglie architettoniche di cui la Toscana \u00e8 cos\u00ec ricca.<\/p>\n","protected":false},"excerpt":{"rendered":"<p>Toscana, una delle pi\u00f9 note meraviglie della magica Italia; amata in tutto il mondo per la sua straordinaria bellezza, le delizie culinarie e il vino donato da una terra incantevole quanto fertile. Toscana, un incanto fatto roccia che si perde sul verde o che si staglia sul mare. La regina dei tramonti romantici e delle &hellip;<\/p>\n","protected":false},"author":1,"featured_media":0,"parent":0,"menu_order":0,"comment_status":"closed","ping_status":"closed","template":"","meta":{"_acf_changed":false,"footnotes":""},"class_list":["post-768","page","type-page","status-publish","hentry"],"acf":[],"yoast_head":"<!-- This site is optimized with the Yoast SEO plugin v27.4 - https:\/\/yoast.com\/product\/yoast-seo-wordpress\/ -->\n<title>Chi siamo - Villa Bertagni - Luxury house in Tuscany<\/title>\n<meta name=\"description\" content=\"Enjoy your holiday in Tuscany.\" \/>\n<meta name=\"robots\" content=\"index, follow, max-snippet:-1, max-image-preview:large, max-video-preview:-1\" \/>\n<link rel=\"canonical\" href=\"https:\/\/www.villabertagni.it\/it\/chi-siamo\/\" \/>\n<meta property=\"og:locale\" content=\"it_IT\" \/>\n<meta property=\"og:type\" content=\"article\" \/>\n<meta property=\"og:title\" content=\"Chi siamo - Villa Bertagni - Luxury house in Tuscany\" \/>\n<meta property=\"og:description\" content=\"Enjoy your holiday in Tuscany.\" \/>\n<meta property=\"og:url\" content=\"https:\/\/www.villabertagni.it\/it\/chi-siamo\/\" \/>\n<meta property=\"og:site_name\" content=\"Villa Bertagni - Luxury house in Tuscany\" \/>\n<meta name=\"twitter:label1\" content=\"Tempo di lettura stimato\" \/>\n\t<meta name=\"twitter:data1\" content=\"2 minuti\" \/>\n<script type=\"application\/ld+json\" class=\"yoast-schema-graph\">{\"@context\":\"https:\\\/\\\/schema.org\",\"@graph\":[{\"@type\":\"WebPage\",\"@id\":\"https:\\\/\\\/www.villabertagni.it\\\/it\\\/chi-siamo\\\/\",\"url\":\"https:\\\/\\\/www.villabertagni.it\\\/it\\\/chi-siamo\\\/\",\"name\":\"Chi siamo - Villa Bertagni - Luxury house in Tuscany\",\"isPartOf\":{\"@id\":\"https:\\\/\\\/www.villabertagni.it\\\/it\\\/#website\"},\"datePublished\":\"2014-02-11T06:01:32+00:00\",\"description\":\"Enjoy your holiday in Tuscany.\",\"inLanguage\":\"it-IT\",\"potentialAction\":[{\"@type\":\"ReadAction\",\"target\":[\"https:\\\/\\\/www.villabertagni.it\\\/it\\\/chi-siamo\\\/\"]}]},{\"@type\":\"WebSite\",\"@id\":\"https:\\\/\\\/www.villabertagni.it\\\/it\\\/#website\",\"url\":\"https:\\\/\\\/www.villabertagni.it\\\/it\\\/\",\"name\":\"Villa Bertagni - Luxury house in Tuscany\",\"description\":\"\",\"potentialAction\":[{\"@type\":\"SearchAction\",\"target\":{\"@type\":\"EntryPoint\",\"urlTemplate\":\"https:\\\/\\\/www.villabertagni.it\\\/it\\\/?s={search_term_string}\"},\"query-input\":{\"@type\":\"PropertyValueSpecification\",\"valueRequired\":true,\"valueName\":\"search_term_string\"}}],\"inLanguage\":\"it-IT\"}]}<\/script>\n<!-- \/ Yoast SEO plugin. -->","yoast_head_json":{"title":"Chi siamo - Villa Bertagni - Luxury house in Tuscany","description":"Enjoy your holiday in Tuscany.","robots":{"index":"index","follow":"follow","max-snippet":"max-snippet:-1","max-image-preview":"max-image-preview:large","max-video-preview":"max-video-preview:-1"},"canonical":"https:\/\/www.villabertagni.it\/it\/chi-siamo\/","og_locale":"it_IT","og_type":"article","og_title":"Chi siamo - Villa Bertagni - Luxury house in Tuscany","og_description":"Enjoy your holiday in Tuscany.","og_url":"https:\/\/www.villabertagni.it\/it\/chi-siamo\/","og_site_name":"Villa Bertagni - Luxury house in Tuscany","twitter_misc":{"Tempo di lettura stimato":"2 minuti"},"schema":{"@context":"https:\/\/schema.org","@graph":[{"@type":"WebPage","@id":"https:\/\/www.villabertagni.it\/it\/chi-siamo\/","url":"https:\/\/www.villabertagni.it\/it\/chi-siamo\/","name":"Chi siamo - Villa Bertagni - Luxury house in Tuscany","isPartOf":{"@id":"https:\/\/www.villabertagni.it\/it\/#website"},"datePublished":"2014-02-11T06:01:32+00:00","description":"Enjoy your holiday in Tuscany.","inLanguage":"it-IT","potentialAction":[{"@type":"ReadAction","target":["https:\/\/www.villabertagni.it\/it\/chi-siamo\/"]}]},{"@type":"WebSite","@id":"https:\/\/www.villabertagni.it\/it\/#website","url":"https:\/\/www.villabertagni.it\/it\/","name":"Villa Bertagni - Luxury house in Tuscany","description":"","potentialAction":[{"@type":"SearchAction","target":{"@type":"EntryPoint","urlTemplate":"https:\/\/www.villabertagni.it\/it\/?s={search_term_string}"},"query-input":{"@type":"PropertyValueSpecification","valueRequired":true,"valueName":"search_term_string"}}],"inLanguage":"it-IT"}]}},"_links":{"self":[{"href":"https:\/\/www.villabertagni.it\/it\/wp-json\/wp\/v2\/pages\/768","targetHints":{"allow":["GET"]}}],"collection":[{"href":"https:\/\/www.villabertagni.it\/it\/wp-json\/wp\/v2\/pages"}],"about":[{"href":"https:\/\/www.villabertagni.it\/it\/wp-json\/wp\/v2\/types\/page"}],"author":[{"embeddable":true,"href":"https:\/\/www.villabertagni.it\/it\/wp-json\/wp\/v2\/users\/1"}],"replies":[{"embeddable":true,"href":"https:\/\/www.villabertagni.it\/it\/wp-json\/wp\/v2\/comments?post=768"}],"version-history":[{"count":0,"href":"https:\/\/www.villabertagni.it\/it\/wp-json\/wp\/v2\/pages\/768\/revisions"}],"wp:attachment":[{"href":"https:\/\/www.villabertagni.it\/it\/wp-json\/wp\/v2\/media?parent=768"}],"curies":[{"name":"wp","href":"https:\/\/api.w.org\/{rel}","templated":true}]}}